{"id":9,"date":"2020-10-03T14:50:49","date_gmt":"2020-10-03T12:50:49","guid":{"rendered":"http:\/\/demo.athemes.com\/sp-plumber\/?page_id=9"},"modified":"2023-08-08T21:46:28","modified_gmt":"2023-08-08T19:46:28","slug":"was-ich-tue","status":"publish","type":"page","link":"https:\/\/steffen-franck.de\/en\/was-ich-tue\/","title":{"rendered":"What I\u2019m doing"},"content":{"rendered":"<div data-elementor-type=\"wp-page\" data-elementor-id=\"9\" class=\"elementor elementor-9\">\n\t\t\t\t\t\t\t\t\t<section class=\"elementor-section elementor-top-section elementor-element elementor-element-b949b44 elementor-section-boxed elementor-section-height-default elementor-section-height-default\" data-id=\"b949b44\" data-element_type=\"section\" data-settings=\"{&quot;background_background&quot;:&quot;classic&quot;}\">\n\t\t\t\t\t\t<div class=\"elementor-container elementor-column-gap-default\">\n\t\t\t\t\t<div class=\"elementor-column elementor-col-100 elementor-top-column elementor-element elementor-element-eca4d68\" data-id=\"eca4d68\" data-element_type=\"column\">\n\t\t\t<div class=\"elementor-widget-wrap elementor-element-populated\">\n\t\t\t\t\t\t\t\t<div class=\"elementor-element elementor-element-bc8e36b elementor-widget elementor-widget-heading\" data-id=\"bc8e36b\" data-element_type=\"widget\" data-widget_type=\"heading.default\">\n\t\t\t\t<div class=\"elementor-widget-container\">\n\t\t\t<style>\/*! elementor - v3.15.0 - 02-08-2023 *\/\n.elementor-heading-title{padding:0;margin:0;line-height:1}.elementor-widget-heading .elementor-heading-title[class*=elementor-size-]>a{color:inherit;font-size:inherit;line-height:inherit}.elementor-widget-heading .elementor-heading-title.elementor-size-small{font-size:15px}.elementor-widget-heading .elementor-heading-title.elementor-size-medium{font-size:19px}.elementor-widget-heading .elementor-heading-title.elementor-size-large{font-size:29px}.elementor-widget-heading .elementor-heading-title.elementor-size-xl{font-size:39px}.elementor-widget-heading .elementor-heading-title.elementor-size-xxl{font-size:59px}<\/style><h2 class=\"elementor-heading-title elementor-size-default\"><strong><span style=\"margin-right: 10%; display: block; background-color: rgba(23, 41, 49, 0.77); color: #009237; padding: 10px; line-height: 1.59; font-family: arial, helvetica, sans-serif; font-weight: bold;\"><span>Design, coordination, surveillance, consulting and administration -<\/span><\/span><\/strong><span style=\"margin-right: 10%; display: block; font-size; 42px; color: #ffffff; background-color: rgba(0, 68, 93, 0.66); font-weight: bold; padding: 10px; line-height: 1.58; font-family: arial, helvetica, sans-serif;\"><span>best solutions for all of your naval engineering needs under one roof.<\/span><\/span><\/h2>\t\t<\/div>\n\t\t\t\t<\/div>\n\t\t\t\t\t<\/div>\n\t\t<\/div>\n\t\t\t\t\t\t\t<\/div>\n\t\t<\/section>\n\t\t\t\t<section class=\"elementor-section elementor-top-section elementor-element elementor-element-2f0eaf6 elementor-section-boxed elementor-section-height-default elementor-section-height-default\" data-id=\"2f0eaf6\" data-element_type=\"section\">\n\t\t\t\t\t\t<div class=\"elementor-container elementor-column-gap-default\">\n\t\t\t\t\t<div class=\"elementor-column elementor-col-100 elementor-top-column elementor-element elementor-element-652d087\" data-id=\"652d087\" data-element_type=\"column\">\n\t\t\t<div class=\"elementor-widget-wrap elementor-element-populated\">\n\t\t\t\t\t\t\t\t<div class=\"elementor-element elementor-element-8919fbf elementor-widget elementor-widget-text-editor\" data-id=\"8919fbf\" data-element_type=\"widget\" data-widget_type=\"text-editor.default\">\n\t\t\t\t<div class=\"elementor-widget-container\">\n\t\t\t<style>\/*! elementor - v3.15.0 - 02-08-2023 *\/\n.elementor-widget-text-editor.elementor-drop-cap-view-stacked .elementor-drop-cap{background-color:#69727d;color:#fff}.elementor-widget-text-editor.elementor-drop-cap-view-framed .elementor-drop-cap{color:#69727d;border:3px solid;background-color:transparent}.elementor-widget-text-editor:not(.elementor-drop-cap-view-default) .elementor-drop-cap{margin-top:8px}.elementor-widget-text-editor:not(.elementor-drop-cap-view-default) .elementor-drop-cap-letter{width:1em;height:1em}.elementor-widget-text-editor .elementor-drop-cap{float:left;text-align:center;line-height:1;font-size:50px}.elementor-widget-text-editor .elementor-drop-cap-letter{display:inline-block}<\/style>\t\t\t\t<p class=\"sc-oUbqx ebisfl pf-c0a659a6-f776a616\" data-pf-type=\"Paragraph2\"><span class=\"sc-oUAoT kVASKi pf-c0a659a6-2ffaf776\" style=\"font-size: 12pt; font-family: arial, helvetica, sans-serif;\" data-pf-type=\"Text\">Design, coordination, surveillance, consulting and administration - best solutions for all of your naval engineering needs under one roof.<\/span><\/p><p class=\"sc-oUbqx ebisfl pf-c0a659a6-3a13c553\" data-pf-type=\"Paragraph2\"><span class=\"sc-oUAoT kVASKi pf-c0a659a6-63463a13\" style=\"font-size: 12pt; font-family: arial, helvetica, sans-serif;\" data-pf-type=\"Text\">The shipbuilding industry has always had to work in a cyclical market. Traditionally peaks in demand for resources are covered by awarding contracts to external service providers. With my 30+ years of experience as a Naval Architect, extensive knowledge of basic and detail steel ship design and CAD systems, I can help you to optimize your design, administration and building costs. If you are looking for high-quality ship design, cost optimization and more effective design processes, you\u2019ve come to the right place.<\/span><\/p><p class=\"sc-oUbqx ebisfl pf-c0a659a6-3a13c553\" data-pf-type=\"Paragraph2\"><span class=\"sc-oUAoT kVASKi pf-c0a659a6-63463a13\" style=\"font-size: 12pt; font-family: arial, helvetica, sans-serif;\" data-pf-type=\"Text\"><strong>Customised services for the shipbuilding industry include:<\/strong><\/span><\/p><ul><li class=\"sc-oUbqx ebisfl pf-c0a659a6-8705b7b5\" data-pf-type=\"Paragraph2\"><span class=\"sc-oUAoT kVASKi pf-c0a659a6-6dcc8705\" style=\"font-size: 12pt; font-family: arial, helvetica, sans-serif;\" data-pf-type=\"Text\"><strong>Coordinating cooperation between the client and external service providers<\/strong><\/span><\/li><li class=\"sc-oUbqx ebisfl pf-c0a659a6-8705b7b5\" data-pf-type=\"Paragraph2\"><span class=\"sc-oUAoT kVASKi pf-c0a659a6-6dcc8705\" style=\"font-size: 12pt; font-family: arial, helvetica, sans-serif;\" data-pf-type=\"Text\"><strong>Basic design services in steel ship construction<\/strong><\/span><\/li><li class=\"sc-oUbqx ebisfl pf-c0a659a6-8705b7b5\" data-pf-type=\"Paragraph2\"><span class=\"sc-oUAoT kVASKi pf-c0a659a6-6dcc8705\" style=\"font-size: 12pt; font-family: arial, helvetica, sans-serif;\" data-pf-type=\"Text\"><strong>Creation of class documents<\/strong><\/span><\/li><li class=\"sc-oUbqx ebisfl pf-c0a659a6-8705b7b5\" data-pf-type=\"Paragraph2\"><span class=\"sc-oUAoT kVASKi pf-c0a659a6-6dcc8705\" style=\"font-size: 12pt; font-family: arial, helvetica, sans-serif;\" data-pf-type=\"Text\"><strong>Detail design services, preparation of workshop drawings<\/strong><\/span><\/li><li class=\"sc-oUbqx ebisfl pf-c0a659a6-8705b7b5\" data-pf-type=\"Paragraph2\"><span class=\"sc-oUAoT kVASKi pf-c0a659a6-6dcc8705\" style=\"font-size: 12pt; font-family: arial, helvetica, sans-serif;\" data-pf-type=\"Text\"><strong>Execution of special naval constructions and conversions<\/strong><\/span><\/li><li class=\"sc-oUbqx ebisfl pf-c0a659a6-8705b7b5\" data-pf-type=\"Paragraph2\"><span class=\"sc-oUAoT kVASKi pf-c0a659a6-6dcc8705\" style=\"font-size: 12pt; font-family: arial, helvetica, sans-serif;\" data-pf-type=\"Text\"><span class=\"sc-oUAoT kVASKi pf-c0a659a6-6dcc8705\" style=\"font-size: 12pt; font-family: arial, helvetica, sans-serif;\" data-pf-type=\"Text\"><strong>Checking of drawings, field engineering and supervision of construction.<\/strong><\/span><\/span><\/li><\/ul><p class=\"sc-oUbqx ebisfl pf-c0a659a6-bbb61e48\" data-pf-type=\"Paragraph2\"><span class=\"sc-oUAoT kVASKi pf-c0a659a6-0d5dbbb6\" style=\"font-size: 12pt; font-family: arial, helvetica, sans-serif;\" data-pf-type=\"Text\">Additionally, with over 25 years of experience with CAD system AVEVA and its predecessors, I can offer expert advice on setup and customisation as well as CAD administration.<\/span><\/p><p class=\"sc-oUbqx ebisfl pf-c0a659a6-bbb61e48\" data-pf-type=\"Paragraph2\"><span class=\"sc-oUAoT kVASKi pf-c0a659a6-0d5dbbb6\" style=\"font-size: 12pt; font-family: arial, helvetica, sans-serif;\" data-pf-type=\"Text\">All services can be carried out from my office in Rostock or, alternatively, at your site.<\/span><\/p>\t\t\t\t\t\t<\/div>\n\t\t\t\t<\/div>\n\t\t\t\t<div class=\"elementor-element elementor-element-6f4e1f7 elementor-widget elementor-widget-text-editor\" data-id=\"6f4e1f7\" data-element_type=\"widget\" data-widget_type=\"text-editor.default\">\n\t\t\t\t<div class=\"elementor-widget-container\">\n\t\t\t\t\t\t\t<div class=\"row justify-content-center\">\n<div class=\"col-md-12\">\n<div class=\"row\">\n<div class=\"mdb-lightbox\">\n<figure class=\"col-md-4\"><a class=\"black-text\" title=\"Detail steel design\" href=\"https:\/\/steffen-franck.de\/en\/was-ich-tue\/#Maschinenbau-und-Schiffstechnik\"> <img decoding=\"async\" class=\"img-fluid\" src=\"https:\/\/steffen-franck.de\/wp-content\/uploads\/images\/Gallery-Steffen-Franck\/10-Maschinenbau-und-Schiffstechnik-k.jpg\" alt=\"Engineer\" \/><\/a>\n<h6 class=\"text-center my-3\">Fore ship detail steel design of several mega yachts<\/h6>\n<\/figure>\n<figure id=\"Maschinenbau-und-Schiffstechnik\" class=\"details\">\n<div style=\"padding: 5px 5px 5px 5px; background-color: white; display: inline-block; bottom: -15px; left: 20px; right: 20px; color: https:\/\/steffen-franck.de\/was-ich-tue\/#000000; font-size: 14px;\">\n\n<img decoding=\"async\" src=\"https:\/\/steffen-franck.de\/wp-content\/uploads\/images\/Gallery-Steffen-Franck\/10-Maschinenbau-und-Schiffstechnik.jpg\" alt=\"\" \/>\n<div class=\"mxflex\">\n<h3><strong>Fore ship detail steel design of several mega yachts\u00a0\u00a0 <\/strong><\/h3>\n<h3><a id=\"c1\" class=\"text-center my-3\" title=\"\" href=\"https:\/\/steffen-franck.de\/en\/was-ich-tue\/#Maschinenbau-und-Schiffstechnik\">Picture 1\/9<\/a><strong>\u00a0\u00a0 <\/strong><a id=\"c1\" class=\"text-center my-3\" title=\"\" href=\"https:\/\/steffen-franck.de\/en\/was-ich-tue\/#CAD-Profi\">&gt;&gt;<\/a>\u00a0\u00a0 <a id=\"c1\" class=\"text-center my-3\" title=\"schlie\u00dfen\" href=\"https:\/\/steffen-franck.de\/en\/was-ich-tue\/#c1\">X<\/a><\/h3>\n<\/div>\n<\/div><\/figure>\n<figure class=\"col-md-4\"><a class=\"black-text\" title=\"CAD-Profi\" href=\"https:\/\/steffen-franck.de\/en\/was-ich-tue\/#CAD-Profi\"> <img decoding=\"async\" class=\"img-fluid\" src=\"https:\/\/steffen-franck.de\/wp-content\/uploads\/images\/Gallery-Steffen-Franck\/11-CAD-Beratung-k.jpg\" alt=\"steel design\" \/><\/a>\n<h6 class=\"text-center my-3\">Detail design (steel\/alu) for yacht\u2019s superstructures<\/h6>\n<\/figure>\n<figure id=\"CAD-Profi\" class=\"details\">\n<div style=\"padding: 5px 5px 5px 5px; background-color: white; display: inline-block; bottom: -15px; left: 20px; right: 20px; color: https:\/\/steffen-franck.de\/was-ich-tue\/#000000; font-size: 14px;\">\n\n<img decoding=\"async\" src=\"https:\/\/steffen-franck.de\/wp-content\/uploads\/images\/Gallery-Steffen-Franck\/11-CAD-Beratung.jpg\" alt=\"\" \/>\n<div class=\"mxflex\">\n<h3><strong>Detail design (steel\/alu) for yacht\u2019s superstructures\u00a0\u00a0 <\/strong><\/h3>\n<h3><a id=\"c1\" class=\"text-center my-3\" title=\"\" href=\"https:\/\/steffen-franck.de\/en\/was-ich-tue\/#Maschinenbau-und-Schiffstechnik\">&lt;&lt;<\/a>\u00a0\u00a0 <a id=\"c1\" class=\"text-center my-3\" title=\"\" href=\"https:\/\/steffen-franck.de\/en\/was-ich-tue\/#CAD-Profi\">Picture 2\/9<\/a>\u00a0\u00a0 <a id=\"c1\" class=\"text-center my-3\" title=\"\" href=\"https:\/\/steffen-franck.de\/en\/was-ich-tue\/#Bauaufsicht im Schiffbau\">&gt;&gt;<\/a>\u00a0\u00a0 <a id=\"c1\" class=\"text-center my-3\" title=\"schlie\u00dfen\" href=\"https:\/\/steffen-franck.de\/en\/was-ich-tue\/#c1\">X<\/a><\/h3>\n<\/div>\n<\/div><\/figure>\n<figure class=\"col-md-4\"><a class=\"black-text\" title=\"Detail aluminium design\" href=\"https:\/\/steffen-franck.de\/en\/was-ich-tue\/#Bauaufsicht im Schiffbau\"> <img decoding=\"async\" class=\"img-fluid\" src=\"https:\/\/steffen-franck.de\/wp-content\/uploads\/images\/Gallery-Steffen-Franck\/12-Schiffe-Bauaufsicht-k.jpg\" alt=\"Constructeur\" \/><\/a>\n<h6 class=\"text-center my-3\">Detail aluminium design of mega yacht masts<\/h6>\n<\/figure>\n<figure id=\"Bauaufsicht im Schiffbau\" class=\"details\">\n<div style=\"padding: 5px 5px 5px 5px; background-color: white; display: inline-block; bottom: -15px; left: 20px; right: 20px; color: https:\/\/steffen-franck.de\/was-ich-tue\/#000000; font-size: 14px;\">\n\n<img decoding=\"async\" src=\"https:\/\/steffen-franck.de\/wp-content\/uploads\/images\/Gallery-Steffen-Franck\/12-Schiffe-Bauaufsicht.jpg\" alt=\"\" \/>\n<div class=\"mxflex\">\n<h3><strong>Detail aluminium design of mega yacht masts\u00a0\u00a0 <\/strong><\/h3>\n<h3><a id=\"c1\" class=\"text-center my-3\" title=\"\" href=\"https:\/\/steffen-franck.de\/en\/was-ich-tue\/#CAD-Profi\">&lt;&lt;<\/a>\u00a0\u00a0 <a id=\"c1\" class=\"text-center my-3\" title=\"\" href=\"https:\/\/steffen-franck.de\/en\/was-ich-tue\/#Bauaufsicht im Schiffbau\">Picture 3\/9<\/a>\u00a0\u00a0 <a id=\"c1\" class=\"text-center my-3\" title=\"\" href=\"https:\/\/steffen-franck.de\/en\/was-ich-tue\/#Stahlschiffbau\">&gt;&gt;<\/a>\u00a0\u00a0 <a id=\"c1\" class=\"text-center my-3\" title=\"schlie\u00dfen\" href=\"https:\/\/steffen-franck.de\/en\/was-ich-tue\/#c1\">X<\/a><\/h3>\n<\/div>\n<\/div><\/figure>\n<figure class=\"col-md-4\"><a class=\"black-text\" title=\"Project Coordination Steel\" href=\"https:\/\/steffen-franck.de\/en\/was-ich-tue\/#Stahlschiffbau\"><img decoding=\"async\" class=\"img-fluid\" src=\"https:\/\/steffen-franck.de\/wp-content\/uploads\/images\/Gallery-Steffen-Franck\/13-Stahlschiffbau-k.jpg\" alt=\"Konstruktionsdienstleistungen\" \/><\/a>\n<h6 class=\"text-center my-3\">2011: \u201cArk Germania\u201d, Project coordination steel<\/h6>\n<\/figure>\n<figure id=\"Stahlschiffbau\" class=\"details\">\n<div style=\"padding: 5px 5px 5px 5px; background-color: white; display: inline-block; bottom: -15px; left: 20px; right: 20px; color: https:\/\/steffen-franck.de\/was-ich-tue\/#000000; font-size: 14px;\">\n\n<img decoding=\"async\" src=\"https:\/\/steffen-franck.de\/wp-content\/uploads\/images\/Gallery-Steffen-Franck\/13-Stahlschiffbau.jpg\" alt=\"\" \/>\n<div class=\"mxflex\">\n<h3><strong>2011: \u201cArk Germania\u201d, Project coordination steel\u00a0\u00a0 <\/strong><\/h3>\n<h3><a id=\"c1\" class=\"text-center my-3\" title=\"\" href=\"https:\/\/steffen-franck.de\/en\/was-ich-tue\/#Bauaufsicht im Schiffbau\">&lt;&lt;<\/a>\u00a0\u00a0 <a id=\"c1\" class=\"text-center my-3\" title=\"\" href=\"https:\/\/steffen-franck.de\/en\/was-ich-tue\/#Stahlschiffbau\">Picture 4\/9<\/a>\u00a0\u00a0 <a id=\"c1\" class=\"text-center my-3\" title=\"\" href=\"https:\/\/steffen-franck.de\/en\/was-ich-tue\/#Kreuzfahrtschiffe\">&gt;&gt;<\/a>\u00a0\u00a0 <a id=\"c1\" class=\"text-center my-3\" title=\"schlie\u00dfen\" href=\"https:\/\/steffen-franck.de\/en\/was-ich-tue\/#c1\">X<\/a><\/h3>\n<\/div>\n<\/div><\/figure>\n<figure class=\"col-md-4\"><a class=\"black-text\" title=\"Steel design\" href=\"https:\/\/steffen-franck.de\/en\/was-ich-tue\/#Kreuzfahrtschiffe\"><img decoding=\"async\" class=\"img-fluid\" src=\"https:\/\/steffen-franck.de\/wp-content\/uploads\/images\/Gallery-Steffen-Franck\/14-Kreuzfahrtschiff-Bau-k.jpg\" alt=\"Kreuzfahrtschiffe\" \/><\/a>\n<h6 class=\"text-center my-3\">2011: Detail steel design for RoRo-Vessels<\/h6>\n<\/figure>\n<figure id=\"Kreuzfahrtschiffe\" class=\"details\">\n<div style=\"padding: 5px 5px 5px 5px; background-color: white; display: inline-block; bottom: -15px; left: 20px; right: 20px; color: https:\/\/steffen-franck.de\/was-ich-tue\/#000000; font-size: 14px;\">\n\n<img decoding=\"async\" src=\"https:\/\/steffen-franck.de\/wp-content\/uploads\/images\/Gallery-Steffen-Franck\/14-Kreuzfahrtschiff-Bau.jpg\" alt=\"\" \/>\n<div class=\"mxflex\">\n<h3><strong>2011: Detail steel design for RoRo-Vessels\u00a0\u00a0 <\/strong><\/h3>\n<h3><a id=\"c1\" class=\"text-center my-3\" title=\"\" href=\"https:\/\/steffen-franck.de\/en\/was-ich-tue\/#Stahlschiffbau\">&lt;&lt;<\/a>\u00a0\u00a0 <a id=\"c1\" class=\"text-center my-3\" title=\"\" href=\"https:\/\/steffen-franck.de\/en\/was-ich-tue\/#Kreuzfahrtschiffe\">Picture 5\/9<\/a>\u00a0\u00a0 <a id=\"c1\" class=\"text-center my-3\" title=\"\" href=\"https:\/\/steffen-franck.de\/en\/was-ich-tue\/#Ingenieurb\u00fcro-Franck\">&gt;&gt;<\/a>\u00a0\u00a0 <a id=\"c1\" class=\"text-center my-3\" title=\"schlie\u00dfen\" href=\"https:\/\/steffen-franck.de\/en\/was-ich-tue\/#c1\">X<\/a><\/h3>\n<\/div>\n<\/div><\/figure>\n<figure class=\"col-md-4\"><a class=\"black-text\" title=\"Ingenieurb\u00fcro-Franck\" href=\"https:\/\/steffen-franck.de\/en\/was-ich-tue\/#Ingenieurb\u00fcro-Franck\"> <img decoding=\"async\" class=\"img-fluid\" src=\"https:\/\/steffen-franck.de\/wp-content\/uploads\/images\/Gallery-Steffen-Franck\/15-Schiffbau-Planung-k.jpg\" alt=\"Konstruktionsdienstleistungen\" \/><\/a>\n<h6 class=\"text-center my-3\">2016: Concept of equal-zero emission harbor ferry<\/h6>\n<\/figure>\n<figure id=\"Ingenieurb\u00fcro-Franck\" class=\"details\">\n<div style=\"padding: 5px 5px 5px 5px; background-color: white; display: inline-block; bottom: -15px; left: 20px; right: 20px; color: https:\/\/steffen-franck.de\/was-ich-tue\/#000000; font-size: 14px;\">\n\n<img decoding=\"async\" src=\"https:\/\/steffen-franck.de\/wp-content\/uploads\/images\/Gallery-Steffen-Franck\/15-Schiffbau-Planung.jpg\" alt=\"\" \/>\n<div class=\"mxflex\">\n<h3><strong>2016: Concept of equal-zero emission harbor ferry\u00a0\u00a0 <\/strong><\/h3>\n<h3><a id=\"c1\" class=\"text-center my-3\" title=\"\" href=\"https:\/\/steffen-franck.de\/en\/was-ich-tue\/#Kreuzfahrtschiffe\">&lt;&lt;<\/a>\u00a0\u00a0 <a id=\"c1\" class=\"text-center my-3\" title=\"\" href=\"https:\/\/steffen-franck.de\/en\/was-ich-tue\/#Ingenieurb\u00fcro-Franck\">Picture 6\/9<\/a>\u00a0\u00a0 <a id=\"c1\" class=\"text-center my-3\" title=\"\" href=\"https:\/\/steffen-franck.de\/en\/was-ich-tue\/#Ingenieur-Rostock\">&gt;&gt;<\/a>\u00a0\u00a0 <a id=\"c1\" class=\"text-center my-3\" title=\"schlie\u00dfen\" href=\"https:\/\/steffen-franck.de\/en\/was-ich-tue\/#c1\">X<\/a><\/h3>\n<\/div>\n<\/div><\/figure>\n<figure class=\"col-md-4\"><a class=\"black-text\" title=\"Engineering Office Rostock\" href=\"https:\/\/steffen-franck.de\/en\/was-ich-tue\/#Ingenieur-Rostock\"> <img decoding=\"async\" class=\"img-fluid\" src=\"https:\/\/steffen-franck.de\/wp-content\/uploads\/images\/Gallery-Steffen-Franck\/16-Schiffbau-Ingenieur-Steffen-Franck-k.jpg\" alt=\"Konstruktionsdienstleistungen\" \/><\/a>\n<h6 class=\"text-center my-3\">2016: \"E.Hagedorn\", Reduction of Net Tonnage<\/h6>\n<\/figure>\n<figure id=\"Ingenieur-Rostock\" class=\"details\">\n<div style=\"padding: 5px 5px 5px 5px; background-color: white; display: inline-block; bottom: -15px; left: 20px; right: 20px; color: https:\/\/steffen-franck.de\/was-ich-tue\/#000000; font-size: 14px;\">\n\n<img decoding=\"async\" src=\"https:\/\/steffen-franck.de\/wp-content\/uploads\/images\/Gallery-Steffen-Franck\/16-Schiffbau-Ingenieur-Steffen-Franck.jpg\" alt=\"\" \/>\n<div class=\"mxflex\">\n<h3><strong>2016: \"E.Hagedorn\", Reduction of Net Tonnage\u00a0\u00a0 <\/strong><\/h3>\n<h3><a id=\"c1\" class=\"text-center my-3\" title=\"\" href=\"https:\/\/steffen-franck.de\/en\/was-ich-tue\/#Ingenieurb\u00fcro-Franck\">&lt;&lt;<\/a>\u00a0\u00a0 <a id=\"c1\" class=\"text-center my-3\" title=\"\" href=\"https:\/\/steffen-franck.de\/en\/was-ich-tue\/#Ingenieur-Rostock\">Picture 7\/9<\/a>\u00a0\u00a0 <a id=\"c1\" class=\"text-center my-3\" title=\"\" href=\"https:\/\/steffen-franck.de\/en\/was-ich-tue\/#Schiffbau-Konstruktion\">&gt;&gt;<\/a>\u00a0\u00a0 <a id=\"c1\" class=\"text-center my-3\" title=\"schlie\u00dfen\" href=\"https:\/\/steffen-franck.de\/en\/was-ich-tue\/#c1\">X<\/a><\/h3>\n<\/div>\n<\/div><\/figure>\n<figure class=\"col-md-4\"><a class=\"black-text\" title=\"Mechanical Engineering\" href=\"https:\/\/steffen-franck.de\/en\/was-ich-tue\/#Schiffbau-Konstruktion\"> <img decoding=\"async\" class=\"img-fluid\" src=\"https:\/\/steffen-franck.de\/wp-content\/uploads\/images\/Gallery-Steffen-Franck\/17-Schiffbau-Konstruktion-k.jpg\" alt=\"Ingenieur Steffen Franck\" \/><\/a>\n<h6 class=\"text-center my-3\">2018: \u201cOxel\u00f6sund\u201d, Reinforcements for break bulk<\/h6>\n<\/figure>\n<figure id=\"Schiffbau-Konstruktion\" class=\"details\">\n<div style=\"padding: 5px 5px 5px 5px; background-color: white; display: inline-block; bottom: -15px; left: 20px; right: 20px; color: https:\/\/steffen-franck.de\/was-ich-tue\/#000000; font-size: 14px;\">\n\n<img decoding=\"async\" src=\"https:\/\/steffen-franck.de\/wp-content\/uploads\/images\/Gallery-Steffen-Franck\/17-Schiffbau-Konstruktion.jpg\" alt=\"\" \/>\n<div class=\"mxflex\">\n<h3><strong>2018: \u201cOxel\u00f6sund\u201d, Reinforcements for break bulk\u00a0\u00a0 <\/strong><\/h3>\n<h3><a id=\"c1\" class=\"text-center my-3\" title=\"\" href=\"https:\/\/steffen-franck.de\/en\/was-ich-tue\/#Ingenieur-Rostock\">&lt;&lt;<\/a>\u00a0\u00a0 <a id=\"c1\" class=\"text-center my-3\" title=\"\" href=\"https:\/\/steffen-franck.de\/en\/was-ich-tue\/#Schiffbau-Konstruktion\">Picture 8\/9<\/a>\u00a0\u00a0 <a id=\"c1\" class=\"text-center my-3\" title=\"\" href=\"https:\/\/steffen-franck.de\/en\/was-ich-tue\/#Detailkonstruktion-Steffen-Franck\">&gt;&gt;<\/a>\u00a0\u00a0 <a id=\"c1\" class=\"text-center my-3\" title=\"schlie\u00dfen\" href=\"https:\/\/steffen-franck.de\/en\/was-ich-tue\/#c1\">X<\/a><\/h3>\n<\/div>\n<\/div><\/figure>\n<figure class=\"col-md-4\"><a class=\"black-text\" title=\"Graduate Engineer Steffen Franck\" href=\"https:\/\/steffen-franck.de\/en\/was-ich-tue\/#Detailkonstruktion-Steffen-Franck\"> <img decoding=\"async\" class=\"img-fluid\" src=\"https:\/\/steffen-franck.de\/wp-content\/uploads\/images\/Gallery-Steffen-Franck\/18-Frachtschiff-Bau-k.jpg\" alt=\"Konstrukteur\" \/><\/a>\n<h6 class=\"text-center my-3\">2019: \"A.Hagedorn\u201c, Redesign of a grain bulkhead<\/h6>\n<\/figure>\n<figure id=\"Detailkonstruktion-Steffen-Franck\" class=\"details\">\n<div style=\"padding: 5px 5px 5px 5px; background-color: white; display: inline-block; bottom: -15px; left: 20px; right: 20px; color: #000000; font-size: 14px;\">\n\n<img decoding=\"async\" src=\"https:\/\/steffen-franck.de\/wp-content\/uploads\/images\/Gallery-Steffen-Franck\/18-Frachtschiff-Bau.jpg\" alt=\"\" \/>\n<div class=\"mxflex\">\n<h3><strong>2019: \"A.Hagedorn\u201c, Redesign of a grain bulkhead<\/strong><\/h3>\n<h3><a id=\"c1\" class=\"text-center my-3\" title=\"\" href=\"#Schiffbau-Konstruktion\">&lt;&lt;<\/a>\u00a0\u00a0 <a id=\"c1\" class=\"text-center my-3\" title=\"\" href=\"#Detailkonstruktion-Steffen-Francko\">Picture 9\/9<\/a>\u00a0\u00a0 <a id=\"c1\" class=\"text-center my-3\" title=\"schlie\u00dfen\" href=\"#c1\">X<\/a><\/h3>\n<\/div>\n<\/div><\/figure>\n<\/div>\n<\/div>\n<\/div>\n<\/div>\t\t\t\t\t\t<\/div>\n\t\t\t\t<\/div>\n\t\t\t\t\t<\/div>\n\t\t<\/div>\n\t\t\t\t\t\t\t<\/div>\n\t\t<\/section>\n\t\t\t\t\t\t\t<\/div>","protected":false},"excerpt":{"rendered":"<p>Planung, Koordinierung, \u00dcberwachung, Beratung und AdministrationBeste L\u00f6sungen f\u00fcr Ihr Schiffbau-Projekt Die Schiffbau-Industrie ist in einem stark zyklischen Marktumfeld t\u00e4tig. Traditionell werden Auftragsspitzen durch die Einbindung [&hellip;]<\/p>","protected":false},"author":1,"featured_media":0,"parent":0,"menu_order":0,"comment_status":"closed","ping_status":"closed","template":"page-templates\/page_front-page.php","meta":{"footnotes":""},"_links":{"self":[{"href":"https:\/\/steffen-franck.de\/en\/wp-json\/wp\/v2\/pages\/9"}],"collection":[{"href":"https:\/\/steffen-franck.de\/en\/wp-json\/wp\/v2\/pages"}],"about":[{"href":"https:\/\/steffen-franck.de\/en\/wp-json\/wp\/v2\/types\/page"}],"author":[{"embeddable":true,"href":"https:\/\/steffen-franck.de\/en\/wp-json\/wp\/v2\/users\/1"}],"replies":[{"embeddable":true,"href":"https:\/\/steffen-franck.de\/en\/wp-json\/wp\/v2\/comments?post=9"}],"version-history":[{"count":169,"href":"https:\/\/steffen-franck.de\/en\/wp-json\/wp\/v2\/pages\/9\/revisions"}],"predecessor-version":[{"id":2783,"href":"https:\/\/steffen-franck.de\/en\/wp-json\/wp\/v2\/pages\/9\/revisions\/2783"}],"wp:attachment":[{"href":"https:\/\/steffen-franck.de\/en\/wp-json\/wp\/v2\/media?parent=9"}],"curies":[{"name":"wp","href":"https:\/\/api.w.org\/{rel}","templated":true}]}}