{"id":7,"date":"2020-10-03T14:48:58","date_gmt":"2020-10-03T12:48:58","guid":{"rendered":"http:\/\/demo.athemes.com\/sp-plumber\/?page_id=7"},"modified":"2023-08-08T22:29:27","modified_gmt":"2023-08-08T20:29:27","slug":"start","status":"publish","type":"page","link":"https:\/\/steffen-franck.de\/en\/","title":{"rendered":"Start"},"content":{"rendered":"<div data-elementor-type=\"wp-page\" data-elementor-id=\"7\" class=\"elementor elementor-7\">\n\t\t\t\t\t\t\t\t\t<section class=\"elementor-section elementor-top-section elementor-element elementor-element-af45cc3 elementor-section-boxed elementor-section-height-default elementor-section-height-default\" data-id=\"af45cc3\" data-element_type=\"section\" data-settings=\"{&quot;background_background&quot;:&quot;classic&quot;}\">\n\t\t\t\t\t\t<div class=\"elementor-container elementor-column-gap-default\">\n\t\t\t\t\t<div class=\"elementor-column elementor-col-100 elementor-top-column elementor-element elementor-element-669e983\" data-id=\"669e983\" data-element_type=\"column\">\n\t\t\t<div class=\"elementor-widget-wrap elementor-element-populated\">\n\t\t\t\t\t\t\t\t<div class=\"elementor-element elementor-element-eaf549d elementor-widget__width-initial elementor-widget elementor-widget-heading\" data-id=\"eaf549d\" data-element_type=\"widget\" data-widget_type=\"heading.default\">\n\t\t\t\t<div class=\"elementor-widget-container\">\n\t\t\t<style>\/*! elementor - v3.15.0 - 02-08-2023 *\/\n.elementor-heading-title{padding:0;margin:0;line-height:1}.elementor-widget-heading .elementor-heading-title[class*=elementor-size-]>a{color:inherit;font-size:inherit;line-height:inherit}.elementor-widget-heading .elementor-heading-title.elementor-size-small{font-size:15px}.elementor-widget-heading .elementor-heading-title.elementor-size-medium{font-size:19px}.elementor-widget-heading .elementor-heading-title.elementor-size-large{font-size:29px}.elementor-widget-heading .elementor-heading-title.elementor-size-xl{font-size:39px}.elementor-widget-heading .elementor-heading-title.elementor-size-xxl{font-size:59px}<\/style><h2 class=\"elementor-heading-title elementor-size-default\"><strong><span style=\"margin-right: 10%; display: block; background-color: rgba(23, 41, 49, 0.77); color: #009237; padding: 10px; line-height: 1.59; font-family: arial, helvetica, sans-serif; font-weight: bold;\"><span class=\"new-class\">Best solutions to sail the sea!\n<\/span><\/span><\/strong>\n\n<span style=\"margin-right: 10%; display: block; font-size; 42px; color: #ffffff; background-color: rgba(0, 68, 93, 0.66); font-weight: bold; padding: 10px; line-height: 1.58; font-family: arial, helvetica, sans-serif;\"><span class=\"new-class\">Improve steel ship designs and achieve higher cost-effectiveness <\/span><\/span><\/h2>\t\t<\/div>\n\t\t\t\t<\/div>\n\t\t\t\t\t<\/div>\n\t\t<\/div>\n\t\t\t\t\t\t\t<\/div>\n\t\t<\/section>\n\t\t\t\t<section class=\"elementor-section elementor-top-section elementor-element elementor-element-a2bf925 elementor-section-boxed elementor-section-height-default elementor-section-height-default\" data-id=\"a2bf925\" data-element_type=\"section\">\n\t\t\t\t\t\t<div class=\"elementor-container elementor-column-gap-default\">\n\t\t\t\t\t<div class=\"elementor-column elementor-col-100 elementor-top-column elementor-element elementor-element-2545e7d\" data-id=\"2545e7d\" data-element_type=\"column\">\n\t\t\t<div class=\"elementor-widget-wrap elementor-element-populated\">\n\t\t\t\t\t\t\t\t<div class=\"elementor-element elementor-element-c04f470 elementor-widget elementor-widget-heading\" data-id=\"c04f470\" data-element_type=\"widget\" data-widget_type=\"heading.default\">\n\t\t\t\t<div class=\"elementor-widget-container\">\n\t\t\t<h2 class=\"elementor-heading-title elementor-size-large\">Welcome to<\/h2>\t\t<\/div>\n\t\t\t\t<\/div>\n\t\t\t\t<div class=\"elementor-element elementor-element-a111780 elementor-widget elementor-widget-heading\" data-id=\"a111780\" data-element_type=\"widget\" data-widget_type=\"heading.default\">\n\t\t\t\t<div class=\"elementor-widget-container\">\n\t\t\t<h1 class=\"elementor-heading-title elementor-size-xl\">Ingenieurb\u00fcro Steffen Franck<\/h1>\t\t<\/div>\n\t\t\t\t<\/div>\n\t\t\t\t<div class=\"elementor-element elementor-element-1765eac elementor-widget elementor-widget-text-editor\" data-id=\"1765eac\" data-element_type=\"widget\" data-widget_type=\"text-editor.default\">\n\t\t\t\t<div class=\"elementor-widget-container\">\n\t\t\t<style>\/*! elementor - v3.15.0 - 02-08-2023 *\/\n.elementor-widget-text-editor.elementor-drop-cap-view-stacked .elementor-drop-cap{background-color:#69727d;color:#fff}.elementor-widget-text-editor.elementor-drop-cap-view-framed .elementor-drop-cap{color:#69727d;border:3px solid;background-color:transparent}.elementor-widget-text-editor:not(.elementor-drop-cap-view-default) .elementor-drop-cap{margin-top:8px}.elementor-widget-text-editor:not(.elementor-drop-cap-view-default) .elementor-drop-cap-letter{width:1em;height:1em}.elementor-widget-text-editor .elementor-drop-cap{float:left;text-align:center;line-height:1;font-size:50px}.elementor-widget-text-editor .elementor-drop-cap-letter{display:inline-block}<\/style>\t\t\t\t<p class=\"sc-oUbqx ebisfl pf-c0a659a6-85de3273\" data-pf-type=\"Paragraph2\"><span class=\"sc-oUAoT kVASKi pf-c0a659a6-2a484da0\" style=\"font-size: 12pt; font-family: arial, helvetica, sans-serif;\" data-pf-type=\"Text\">With more than twenty years of experience as a professional Naval Architect, I strive with passion, competence and creativity in the planning and realization of highly demanding shipbuilding projects.<br><\/span><\/p>\n<p class=\"sc-oUbqx ebisfl pf-c0a659a6-f776a616\" data-pf-type=\"Paragraph2\"><span class=\"sc-oUAoT kVASKi pf-c0a659a6-2a484da0\" style=\"font-size: 12pt; font-family: arial, helvetica, sans-serif;\" data-pf-type=\"Text\">Basic and detail design, workshop drawings for production, ship surveys and supervision \u2013 here you get customized, high-quality services for all of your shipbuilding needs from one source - covering a harbour ferry as well as a superyacht.<\/span><\/p>\n<p class=\"sc-oUbqx ebisfl pf-c0a659a6-3a13c553\" data-pf-type=\"Paragraph2\"><span class=\"sc-oUAoT kVASKi pf-c0a659a6-2ffaf776\" style=\"font-size: 12pt; font-family: arial, helvetica, sans-serif;\" data-pf-type=\"Text\">I will certainly do advise you on your AVEVA CAD projects or support your employees in using this CAD system.<\/span><\/p>\n<p class=\"sc-oUbqx ebisfl pf-c0a659a6-8705b7b5\" data-pf-type=\"Paragraph2\"><span class=\"sc-oUAoT kVASKi pf-c0a659a6-63463a13\" style=\"font-size: 12pt; font-family: arial, helvetica, sans-serif;\" data-pf-type=\"Text\">Located in the Baltic coastal town of Rostock in North Germany, I guarantee full customer satisfaction, high-quality solutions and reliable and effective services both here or at your site.<\/span><\/p>\n<p class=\"sc-oUbqx ebisfl pf-c0a659a6-bbb61e48\" style=\"text-align: left;\" data-pf-type=\"Paragraph2\"><span class=\"sc-oUAoT kVASKi pf-c0a659a6-6dcc8705\" style=\"font-size: 12pt; font-family: arial, helvetica, sans-serif;\" data-pf-type=\"Text\">Improve steel ship designs and achieve higher cost-effectiveness - let\u2019s sail together!<\/span><\/p>\n<p class=\"sc-oUbqx ebisfl pf-c0a659a6-bbb61e48\" style=\"text-align: left;\" data-pf-type=\"Paragraph2\"><span class=\"sc-oUAoT kVASKi pf-c0a659a6-0d5dbbb6\" style=\"font-size: 12pt; font-family: arial, helvetica, sans-serif;\" data-pf-type=\"Text\">Steffen Franck<\/span><\/p>\n<p class=\"sc-oUbqx ebisfl pf-c0a659a6-bbb61e48\" style=\"text-align: left;\" data-pf-type=\"Paragraph2\"><span class=\"sc-oUAoT kVASKi pf-c0a659a6-0d5dbbb6\" style=\"font-size: 12pt; font-family: arial, helvetica, sans-serif;\" data-pf-type=\"Text\">Certified Mechanical Engineer and Naval Architect<\/span><\/p>\t\t\t\t\t\t<\/div>\n\t\t\t\t<\/div>\n\t\t\t\t<div class=\"elementor-element elementor-element-83fdfa0 elementor-widget elementor-widget-text-editor\" data-id=\"83fdfa0\" data-element_type=\"widget\" data-widget_type=\"text-editor.default\">\n\t\t\t\t<div class=\"elementor-widget-container\">\n\t\t\t\t\t\t\t<div class=\"row justify-content-center\">\n<div class=\"col-md-12\">\n<div class=\"row\">\n<div class=\"mdb-lightbox\">\n<figure class=\"col-md-4\"><a class=\"black-text\" title=\"Ingenieurb\u00fcro Steffen Franck\" href=\"#Schiffbau\"> <img decoding=\"async\" class=\"img-fluid\" src=\"https:\/\/steffen-franck.de\/wp-content\/uploads\/images\/Gallery-Steffen-Franck\/1-Schiffbau-Ingenieur-k.jpg\" alt=\"Ingenieurb\u00fcro\" \/><\/a>\n<h6 class=\"text-center my-3\">2003: Detail steel design of a deck house<\/h6>\n<\/figure>\n<figure id=\"Schiffbau\" class=\"details\">\n<div style=\"padding: 5px 5px 5px 5px; background-color: white; display: inline-block; bottom: -15px; left: 20px; right: 20px; color: #000000; font-size: 14px;\">\n\n<img decoding=\"async\" src=\"https:\/\/steffen-franck.de\/wp-content\/uploads\/images\/Gallery-Steffen-Franck\/1-Schiffbau-Ingenieur.jpg\" alt=\"\" \/>\n<div class=\"mxflex\">\n<h3><strong>2003: Detail steel design of a deck house\u00a0\u00a0 <\/strong><\/h3>\n<h3><a id=\"c1\" class=\"text-center my-3\" title=\"\" href=\"#Schiffbau\">Picture 1\/9 \u00a0 <\/a><a id=\"c1\" class=\"text-center my-3\" title=\"\" href=\"#Schiffbau-Projekte\">&gt;&gt; \u00a0\u00a0<\/a> <a id=\"c1\" class=\"text-center my-3\" title=\"schlie\u00dfen\" href=\"#c1\">X<\/a><\/h3>\n<\/div>\n<\/div><\/figure>\n<figure class=\"col-md-4\"><a class=\"black-text\" title=\"Steel design\" href=\"#Schiffbau-Projekte\"> <img decoding=\"async\" class=\"img-fluid\" src=\"https:\/\/steffen-franck.de\/wp-content\/uploads\/images\/Gallery-Steffen-Franck\/2-Schiffbau-Projekte-k.jpg\" alt=\"Ingenieurb\u00fcro\" \/><\/a>\n<h6 class=\"text-center my-3\">2005: Detail steel design of a ships lift\u2019s platform<\/h6>\n<\/figure>\n<figure id=\"Schiffbau-Projekte\" class=\"details\">\n<div style=\"padding: 5px 5px 5px 5px; background-color: white; display: inline-block; bottom: -15px; left: 20px; right: 20px; color: #000000; font-size: 14px;\">\n\n<img decoding=\"async\" class=\"next1\" src=\"https:\/\/steffen-franck.de\/wp-content\/uploads\/images\/Gallery-Steffen-Franck\/2-Schiffbau-Projekte.jpg\" alt=\"Projekte\" \/>\n<div class=\"mxflex\">\n<h3><strong>2005: Detail steel design of a ships lift\u2019s platform\u00a0\u00a0 <\/strong><\/h3>\n<h3><a id=\"c1\" class=\"text-center my-3\" title=\"\" href=\"#Schiffbau\">&lt;&lt;\u00a0\u00a0 <\/a><a id=\"c1\" class=\"text-center my-3\" title=\"\" href=\"#Schiffbau-Projekte\">Picture 2\/9\u00a0\u00a0 <\/a><a id=\"c1\" class=\"text-center my-3\" title=\"\" href=\"#Schiffbau-Konstrukteur\">&gt;&gt; \u00a0 <\/a><a id=\"c1\" class=\"text-center my-3\" title=\"schlie\u00dfen\" href=\"#c1\">X<\/a><\/h3>\n<\/div>\n<\/div><\/figure>\n<figure class=\"col-md-4\"><a class=\"black-text\" title=\"Constructeur\" href=\"#Schiffbau-Konstrukteur\"> <img decoding=\"async\" class=\"img-fluid\" src=\"https:\/\/steffen-franck.de\/wp-content\/uploads\/images\/Gallery-Steffen-Franck\/3-Konstruktionsdienstleistungen-k.jpg\" alt=\"Konstruktionsdienstleistungen\" \/><\/a>\n<h6 class=\"text-center my-3\">2012: Special designs for a ship\u2019s lift platform<\/h6>\n<\/figure>\n<figure id=\"Schiffbau-Konstrukteur\" class=\"details\">\n<div style=\"padding: 5px 5px 5px 5px; background-color: white; display: inline-block; bottom: -15px; left: 20px; right: 20px; color: #000000; font-size: 14px;\">\n\n<img decoding=\"async\" class=\"next1\" src=\"https:\/\/steffen-franck.de\/wp-content\/uploads\/images\/Gallery-Steffen-Franck\/3-Konstruktionsdienstleistungen.jpg\" alt=\"Projekte\" \/>\n<div class=\"mxflex\">\n<h3><strong>2012: Special designs for a ship\u2019s lift platform\u00a0\u00a0 <\/strong><\/h3>\n<h3><a id=\"c1\" class=\"text-center my-3\" title=\"\" href=\"#Schiffbau-Projekte\">&lt;&lt;\u00a0\u00a0 <\/a><a id=\"c1\" class=\"text-center my-3\" title=\"\" href=\"#Schiffbau-Konstrukteur\">Picture 3\/9\u00a0\u00a0 <\/a><a id=\"c1\" class=\"text-center my-3\" title=\"\" href=\"#Schiff-Umbauten\">&gt;&gt;\u00a0\u00a0 <\/a><a id=\"c1\" class=\"text-center my-3\" title=\"schlie\u00dfen\" href=\"#c1\">X<\/a><\/h3>\n<\/div>\n<\/div><\/figure>\n<figure class=\"col-md-4\"><a class=\"black-text\" title=\"Steffen Franck engineering office in Rostock\" href=\"#Schiff-Umbauten\"> <img decoding=\"async\" class=\"img-fluid\" src=\"https:\/\/steffen-franck.de\/wp-content\/uploads\/images\/Gallery-Steffen-Franck\/4-Schiff-Umbauten-k.jpg\" alt=\"Konstruktionsdienstleistungen\" \/><\/a>\n<h6 class=\"text-center my-3\">2006: Maersk B-Class, Basic steel design<\/h6>\n<\/figure>\n<figure id=\"Schiff-Umbauten\" class=\"details\">\n<div style=\"padding: 5px 5px 5px 5px; background-color: white; display: inline-block; bottom: -15px; left: 20px; right: 20px; color: #000000; font-size: 14px;\">\n\n<img decoding=\"async\" class=\"next1\" src=\"https:\/\/steffen-franck.de\/wp-content\/uploads\/images\/Gallery-Steffen-Franck\/4-Schiff-Umbauten.jpg\" alt=\"Projekte\" \/>\n<div class=\"mxflex\">\n<h3><strong>2006: Maersk B-Class, Basic steel design <\/strong><\/h3>\n<h3><a id=\"c1\" class=\"text-center my-3\" title=\"\" href=\"#Schiffbau-Konstrukteur\">&lt;&lt;\u00a0\u00a0 <\/a><a id=\"c1\" class=\"text-center my-3\" title=\"\" href=\"#Schiff-Umbauten\">Picture 4\/9\u00a0\u00a0 <\/a><a id=\"c1\" class=\"text-center my-3\" title=\"\" href=\"#Ingenieur-Franck\">&gt;&gt;\u00a0\u00a0 <\/a><a id=\"c1\" class=\"text-center my-3\" title=\"schlie\u00dfen\" href=\"#c1\">X<\/a><\/h3>\n<\/div>\n<\/div><\/figure>\n<figure class=\"col-md-4\"><a class=\"black-text\" title=\"Steffen Franck engineering\" href=\"#Ingenieur-Franck\"> <img decoding=\"async\" class=\"img-fluid\" src=\"https:\/\/steffen-franck.de\/wp-content\/uploads\/images\/Gallery-Steffen-Franck\/5-Schiffbau-Ingenieur-Franck-k.jpg\" alt=\"Konstruktionsdienstleistungen\" \/><\/a>\n<h6 class=\"text-center my-3\">2006: Surveillances for various container vessels<\/h6>\n<\/figure>\n<figure id=\"Ingenieur-Franck\" class=\"details\">\n<div style=\"padding: 5px 5px 5px 5px; background-color: white; display: inline-block; bottom: -15px; left: 20px; right: 20px; color: #000000; font-size: 14px;\">\n\n<img decoding=\"async\" class=\"next1\" src=\"https:\/\/steffen-franck.de\/wp-content\/uploads\/images\/Gallery-Steffen-Franck\/5-Schiffbau-Ingenieur-Franck.jpg\" alt=\"Projekte\" \/>\n<div class=\"mxflex\">\n<h3><strong>2006: Surveillances for various container vessels<\/strong><\/h3>\n<h3><a id=\"c1\" class=\"text-center my-3\" title=\"\" href=\"#Schiff-Umbauten\">&lt;&lt;\u00a0\u00a0 <\/a><a id=\"c1\" class=\"text-center my-3\" title=\"\" href=\"#Ingenieur-Franck\">Picture 5\/9\u00a0\u00a0 <\/a><a id=\"c1\" class=\"text-center my-3\" title=\"\" href=\"#Ingenieurb\u00fcro-Franck\">&gt;&gt;\u00a0\u00a0 <\/a><a id=\"c1\" class=\"text-center my-3\" title=\"schlie\u00dfen\" href=\"#c1\">X<\/a><\/h3>\n<\/div>\n<\/div><\/figure>\n<figure class=\"col-md-4\"><a class=\"black-text\" title=\"Ingenieurb\u00fcro-Franck\" href=\"#Ingenieurb\u00fcro-Franck\"> <img decoding=\"async\" class=\"img-fluid\" src=\"https:\/\/steffen-franck.de\/wp-content\/uploads\/images\/Gallery-Steffen-Franck\/6-Schiffbau-Betreuung-k.jpg\" alt=\"Konstruktionsdienstleistungen\" \/><\/a>\n<h6 class=\"text-center my-3\">2008: Surveillances for Anchor Handling Tugs<\/h6>\n<\/figure>\n<figure id=\"Ingenieurb\u00fcro-Franck\" class=\"details\">\n<div style=\"padding: 5px 5px 5px 5px; background-color: white; display: inline-block; bottom: -15px; left: 20px; right: 20px; color: #000000; font-size: 14px;\">\n\n<img decoding=\"async\" class=\"next1\" src=\"https:\/\/steffen-franck.de\/wp-content\/uploads\/images\/Gallery-Steffen-Franck\/6-Schiffbau-Betreuung.jpg\" alt=\"Projekte\" \/>\n<div class=\"mxflex\">\n<h3><strong>2008: Surveillances for Anchor Handling Tugs\u00a0 <\/strong><\/h3>\n<h3><a id=\"c1\" class=\"text-center my-3\" title=\"\" href=\"#Ingenieur-Franck\">&lt;&lt;\u00a0\u00a0 <\/a><a id=\"c1\" class=\"text-center my-3\" title=\"\" href=\"#Ingenieurb\u00fcro-Franck\">Picture 6\/9\u00a0\u00a0 <\/a><a id=\"c1\" class=\"text-center my-3\" title=\"\" href=\"#Ingenieur-Rostock\">&gt;&gt;\u00a0\u00a0 <\/a><a id=\"c1\" class=\"text-center my-3\" title=\"schlie\u00dfen\" href=\"#c1\">X<\/a><\/h3>\n<\/div>\n<\/div><\/figure>\n<figure class=\"col-md-4\"><a class=\"black-text\" title=\"Schiffbau-Ingenieur-Rostock\" href=\"#Ingenieur-Rostock\"><img decoding=\"async\" class=\"img-fluid\" src=\"https:\/\/steffen-franck.de\/wp-content\/uploads\/images\/Gallery-Steffen-Franck\/7-Schiffbau-Ingenieur-Rostock-k.jpg\" alt=\"Konstruktionsdienstleistungen\" \/><\/a>\n<h6 class=\"text-center my-3\">2009: Inland Waterway Tanker, Steel design shell<\/h6>\n<\/figure>\n<figure id=\"Ingenieur-Rostock\" class=\"details\">\n<div style=\"padding: 5px 5px 5px 5px; background-color: white; display: inline-block; bottom: -15px; left: 20px; right: 20px; color: #000000; font-size: 14px;\">\n\n<img decoding=\"async\" class=\"next1\" src=\"https:\/\/steffen-franck.de\/wp-content\/uploads\/images\/Gallery-Steffen-Franck\/7-Schiffbau-Ingenieur-Rostock.jpg\" alt=\"Projekte\" \/>\n<div class=\"mxflex\">\n<h3><strong>2009: Inland Waterway Tanker, Steel design shell <\/strong><\/h3>\n<h3><a id=\"c1\" class=\"text-center my-3\" title=\"\" href=\"#Ingenieurb\u00fcro-Franck\">&lt;&lt;\u00a0\u00a0 <\/a><a id=\"c1\" class=\"text-center my-3\" title=\"\" href=\"#Ingenieur-Rostock\">Picture 7\/9\u00a0\u00a0 <\/a><a id=\"c1\" class=\"text-center my-3\" title=\"\" href=\"#Planung\">&gt;&gt;\u00a0\u00a0 <\/a><a id=\"c1\" class=\"text-center my-3\" title=\"schlie\u00dfen\" href=\"#c1\">X<\/a><\/h3>\n<\/div>\n<\/div><\/figure>\n<figure class=\"col-md-4\"><a class=\"black-text\" title=\"Basic steel design\" href=\"#Planung\"><img decoding=\"async\" src=\"https:\/\/steffen-franck.de\/wp-content\/uploads\/images\/Gallery-Steffen-Franck\/8-Konstruktion-im-Schiffbau-k.jpg\" alt=\"Ingenieur Steffen Franck\" \/><\/a>\n<h6 class=\"text-center my-3\">2010: <strong>\u201dArk-Dania\u201d<\/strong>, Basic steel design<\/h6>\n<\/figure>\n<figure id=\"Planung\" class=\"details\">\n<div style=\"padding: 5px 5px 5px 5px; background-color: white; display: inline-block; bottom: -15px; left: 20px; right: 20px; color: #000000; font-size: 14px;\">\n\n<img decoding=\"async\" class=\"next1\" src=\"https:\/\/steffen-franck.de\/wp-content\/uploads\/images\/Gallery-Steffen-Franck\/8-Konstruktion-im-Schiffbau.jpg\" alt=\"Projekte\" \/>\n<div class=\"mxflex\">\n<h3><strong>2010: \u201dArk-Dania\u201d, Basic steel design <\/strong><\/h3>\n<h3><a id=\"c1\" class=\"text-center my-3\" title=\"\" href=\"#Ingenieur-Rostock\">&lt;&lt;\u00a0\u00a0 <\/a><a id=\"c1\" class=\"text-center my-3\" title=\"\" href=\"#Planung\">Picture 8\/9\u00a0\u00a0 <\/a><a id=\"c1\" class=\"text-center my-3\" title=\"\" href=\"#Konstrukteur\">&gt;&gt;\u00a0\u00a0 <\/a><a id=\"c1\" class=\"text-center my-3\" title=\"schlie\u00dfen\" href=\"#c1\">X<\/a><\/h3>\n<\/div>\n<\/div><\/figure>\n<figure class=\"col-md-4\"><a class=\"black-text\" title=\"Graduate Engineer Steffen Franck\" href=\"#Konstrukteur\"><img decoding=\"async\" class=\"img-fluid\" src=\"https:\/\/steffen-franck.de\/wp-content\/uploads\/images\/Gallery-Steffen-Franck\/9-Steffen-Franck-Konstrukteur-k.jpg\" alt=\"Konstrukteur\" \/><\/a>\n<h6 class=\"text-center my-3\">2010: \u201cArk Dania\u201d, detailed construction steel shipbuilding<\/h6>\n<\/figure>\n<figure id=\"Konstrukteur\" class=\"details\">\n<div style=\"padding: 5px 5px 5px 5px; background-color: white; display: inline-block; bottom: -15px; left: 20px; right: 20px; color: #000000; font-size: 14px;\">\n\n<img decoding=\"async\" class=\"next1\" src=\"https:\/\/steffen-franck.de\/wp-content\/uploads\/images\/Gallery-Steffen-Franck\/9-Steffen-Franck-Konstrukteur.jpg\" alt=\"Projekte\" \/>\n<div class=\"mxflex\">\n<h3><strong>2010: \u201cArk Dania\u201d, detailed construction steel shipbuilding\u00a0\u00a0 <\/strong><\/h3>\n<h3><a id=\"c1\" class=\"text-center my-3\" title=\"\" href=\"#Planung\">&lt;&lt;\u00a0\u00a0 <\/a><a id=\"c1\" class=\"text-center my-3\" title=\"\" href=\"#Konstrukteur\">Picture 9\/9\u00a0\u00a0 <\/a><a id=\"c1\" class=\"text-center my-3\" title=\"schlie\u00dfen\" href=\"#c1\">X<\/a><\/h3>\n<\/div>\n<\/div><\/figure>\n<\/div>\n<\/div>\n<\/div>\n<\/div>\t\t\t\t\t\t<\/div>\n\t\t\t\t<\/div>\n\t\t\t\t\t<\/div>\n\t\t<\/div>\n\t\t\t\t\t\t\t<\/div>\n\t\t<\/section>\n\t\t\t\t\t\t\t<\/div>","protected":false},"excerpt":{"rendered":"<p>Starke L\u00f6sungen f\u00fcr die See! Bessere und kosteng\u00fcnstigere schiffbauliche Konstruktionen. Willkommen beim Ingenieurb\u00fcro Steffen Franck Seit mehr als 20 Jahren plane und realisiere ich als [&hellip;]<\/p>","protected":false},"author":1,"featured_media":0,"parent":0,"menu_order":0,"comment_status":"closed","ping_status":"closed","template":"page-templates\/page_front-page.php","meta":{"footnotes":""},"_links":{"self":[{"href":"https:\/\/steffen-franck.de\/en\/wp-json\/wp\/v2\/pages\/7"}],"collection":[{"href":"https:\/\/steffen-franck.de\/en\/wp-json\/wp\/v2\/pages"}],"about":[{"href":"https:\/\/steffen-franck.de\/en\/wp-json\/wp\/v2\/types\/page"}],"author":[{"embeddable":true,"href":"https:\/\/steffen-franck.de\/en\/wp-json\/wp\/v2\/users\/1"}],"replies":[{"embeddable":true,"href":"https:\/\/steffen-franck.de\/en\/wp-json\/wp\/v2\/comments?post=7"}],"version-history":[{"count":395,"href":"https:\/\/steffen-franck.de\/en\/wp-json\/wp\/v2\/pages\/7\/revisions"}],"predecessor-version":[{"id":2842,"href":"https:\/\/steffen-franck.de\/en\/wp-json\/wp\/v2\/pages\/7\/revisions\/2842"}],"wp:attachment":[{"href":"https:\/\/steffen-franck.de\/en\/wp-json\/wp\/v2\/media?parent=7"}],"curies":[{"name":"wp","href":"https:\/\/api.w.org\/{rel}","templated":true}]}}