{"id":469,"date":"2020-10-12T07:51:31","date_gmt":"2020-10-12T05:51:31","guid":{"rendered":"http:\/\/demo.athemes.com\/sp-plumber\/?page_id=469"},"modified":"2023-08-01T11:26:18","modified_gmt":"2023-08-01T09:26:18","slug":"partner","status":"publish","type":"page","link":"https:\/\/steffen-franck.de\/en\/partner\/","title":{"rendered":"Partners"},"content":{"rendered":"<div data-elementor-type=\"wp-page\" data-elementor-id=\"469\" class=\"elementor elementor-469\">\n\t\t\t\t\t\t\t\t\t<section class=\"elementor-section elementor-top-section elementor-element elementor-element-a630fbe elementor-section-boxed elementor-section-height-default elementor-section-height-default\" data-id=\"a630fbe\" data-element_type=\"section\" data-settings=\"{&quot;background_background&quot;:&quot;classic&quot;}\">\n\t\t\t\t\t\t<div class=\"elementor-container elementor-column-gap-default\">\n\t\t\t\t\t<div class=\"elementor-column elementor-col-100 elementor-top-column elementor-element elementor-element-9f962f2\" data-id=\"9f962f2\" data-element_type=\"column\">\n\t\t\t<div class=\"elementor-widget-wrap elementor-element-populated\">\n\t\t\t\t\t\t\t\t<div class=\"elementor-element elementor-element-64196af elementor-widget elementor-widget-heading\" data-id=\"64196af\" data-element_type=\"widget\" data-widget_type=\"heading.default\">\n\t\t\t\t<div class=\"elementor-widget-container\">\n\t\t\t<style>\/*! elementor - v3.15.0 - 02-08-2023 *\/\n.elementor-heading-title{padding:0;margin:0;line-height:1}.elementor-widget-heading .elementor-heading-title[class*=elementor-size-]>a{color:inherit;font-size:inherit;line-height:inherit}.elementor-widget-heading .elementor-heading-title.elementor-size-small{font-size:15px}.elementor-widget-heading .elementor-heading-title.elementor-size-medium{font-size:19px}.elementor-widget-heading .elementor-heading-title.elementor-size-large{font-size:29px}.elementor-widget-heading .elementor-heading-title.elementor-size-xl{font-size:39px}.elementor-widget-heading .elementor-heading-title.elementor-size-xxl{font-size:59px}<\/style><h2 class=\"elementor-heading-title elementor-size-default\"><strong><span style=\"margin-right: 10%; display: block; background-color: rgba(23, 41, 49, 0.77); color: #009237; padding: 10px; line-height: 1.59; font-family: arial, helvetica, sans-serif; font-weight: bold;\"><span class=\"new-class\">Does the company's size really matter?\n<\/span><\/span><\/strong>\n\n<span style=\"margin-right: 10%; display: block; font-size; 42px; color: #ffffff; background-color: rgba(0, 68, 93, 0.66); font-weight: bold; padding: 10px; line-height: 1.58; font-family: arial, helvetica, sans-serif;\"><span class=\"new-class\">Not always. But it helps.<\/span><\/span>\n<\/h2>\t\t<\/div>\n\t\t\t\t<\/div>\n\t\t\t\t\t<\/div>\n\t\t<\/div>\n\t\t\t\t\t\t\t<\/div>\n\t\t<\/section>\n\t\t\t\t<section class=\"elementor-section elementor-top-section elementor-element elementor-element-c82f74e elementor-section-boxed elementor-section-height-default elementor-section-height-default\" data-id=\"c82f74e\" data-element_type=\"section\">\n\t\t\t\t\t\t<div class=\"elementor-container elementor-column-gap-default\">\n\t\t\t\t\t<div class=\"elementor-column elementor-col-100 elementor-top-column elementor-element elementor-element-82e9e48\" data-id=\"82e9e48\" data-element_type=\"column\">\n\t\t\t<div class=\"elementor-widget-wrap elementor-element-populated\">\n\t\t\t\t\t\t\t\t<div class=\"elementor-element elementor-element-282b7ec elementor-widget elementor-widget-text-editor\" data-id=\"282b7ec\" data-element_type=\"widget\" data-widget_type=\"text-editor.default\">\n\t\t\t\t<div class=\"elementor-widget-container\">\n\t\t\t<style>\/*! elementor - v3.15.0 - 02-08-2023 *\/\n.elementor-widget-text-editor.elementor-drop-cap-view-stacked .elementor-drop-cap{background-color:#69727d;color:#fff}.elementor-widget-text-editor.elementor-drop-cap-view-framed .elementor-drop-cap{color:#69727d;border:3px solid;background-color:transparent}.elementor-widget-text-editor:not(.elementor-drop-cap-view-default) .elementor-drop-cap{margin-top:8px}.elementor-widget-text-editor:not(.elementor-drop-cap-view-default) .elementor-drop-cap-letter{width:1em;height:1em}.elementor-widget-text-editor .elementor-drop-cap{float:left;text-align:center;line-height:1;font-size:50px}.elementor-widget-text-editor .elementor-drop-cap-letter{display:inline-block}<\/style>\t\t\t\t<p><span style=\"font-size: 12pt; font-family: arial, helvetica, sans-serif;\">Steffen Franck Engineering Consultancy is a small company delivering a premium service. Alone or in partnership with other regional service providers, I guarantee high-quality service in both large and small projects.<\/span><\/p><p><span style=\"font-size: 12pt; font-family: arial, helvetica, sans-serif;\">Several projects have been realized using support by <strong>Marine Design SP. z o.o. in Szczecin<\/strong> and <strong>Ingenieurb\u00fcro Lorenz GmbH<\/strong> Rostock.<br \/><\/span><\/p>\t\t\t\t\t\t<\/div>\n\t\t\t\t<\/div>\n\t\t\t\t\t<\/div>\n\t\t<\/div>\n\t\t\t\t\t\t\t<\/div>\n\t\t<\/section>\n\t\t\t\t\t\t\t<\/div>","protected":false},"excerpt":{"rendered":"<p>Kommt es auf die Gr\u00f6\u00dfe an? Gr\u00f6\u00dfe ist nicht alles &#8211; aber sie ist wichtig. Um Redundanzen zu schaffen und Ihnen auch in gro\u00dfen Projekten [&hellip;]<\/p>","protected":false},"author":1,"featured_media":0,"parent":0,"menu_order":0,"comment_status":"closed","ping_status":"closed","template":"page-templates\/page_front-page.php","meta":{"footnotes":""},"_links":{"self":[{"href":"https:\/\/steffen-franck.de\/en\/wp-json\/wp\/v2\/pages\/469"}],"collection":[{"href":"https:\/\/steffen-franck.de\/en\/wp-json\/wp\/v2\/pages"}],"about":[{"href":"https:\/\/steffen-franck.de\/en\/wp-json\/wp\/v2\/types\/page"}],"author":[{"embeddable":true,"href":"https:\/\/steffen-franck.de\/en\/wp-json\/wp\/v2\/users\/1"}],"replies":[{"embeddable":true,"href":"https:\/\/steffen-franck.de\/en\/wp-json\/wp\/v2\/comments?post=469"}],"version-history":[{"count":288,"href":"https:\/\/steffen-franck.de\/en\/wp-json\/wp\/v2\/pages\/469\/revisions"}],"predecessor-version":[{"id":2776,"href":"https:\/\/steffen-franck.de\/en\/wp-json\/wp\/v2\/pages\/469\/revisions\/2776"}],"wp:attachment":[{"href":"https:\/\/steffen-franck.de\/en\/wp-json\/wp\/v2\/media?parent=469"}],"curies":[{"name":"wp","href":"https:\/\/api.w.org\/{rel}","templated":true}]}}