{"id":13,"date":"2020-10-03T14:51:34","date_gmt":"2020-10-03T12:51:34","guid":{"rendered":"http:\/\/demo.athemes.com\/sp-plumber\/?page_id=13"},"modified":"2023-08-01T09:57:34","modified_gmt":"2023-08-01T07:57:34","slug":"referenzen","status":"publish","type":"page","link":"https:\/\/steffen-franck.de\/en\/referenzen\/","title":{"rendered":"References"},"content":{"rendered":"<div data-elementor-type=\"wp-page\" data-elementor-id=\"13\" class=\"elementor elementor-13\">\n\t\t\t\t\t\t\t\t\t<section class=\"elementor-section elementor-top-section elementor-element elementor-element-41434fe elementor-section-boxed elementor-section-height-default elementor-section-height-default\" data-id=\"41434fe\" data-element_type=\"section\" data-settings=\"{&quot;background_background&quot;:&quot;classic&quot;}\">\n\t\t\t\t\t\t\t<div class=\"elementor-background-overlay\"><\/div>\n\t\t\t\t\t\t\t<div class=\"elementor-container elementor-column-gap-default\">\n\t\t\t\t\t<div class=\"elementor-column elementor-col-100 elementor-top-column elementor-element elementor-element-71eedd5\" data-id=\"71eedd5\" data-element_type=\"column\">\n\t\t\t<div class=\"elementor-widget-wrap elementor-element-populated\">\n\t\t\t\t\t\t\t\t<div class=\"elementor-element elementor-element-e228b56 elementor-widget__width-initial elementor-widget elementor-widget-heading\" data-id=\"e228b56\" data-element_type=\"widget\" data-widget_type=\"heading.default\">\n\t\t\t\t<div class=\"elementor-widget-container\">\n\t\t\t<style>\/*! elementor - v3.15.0 - 02-08-2023 *\/\n.elementor-heading-title{padding:0;margin:0;line-height:1}.elementor-widget-heading .elementor-heading-title[class*=elementor-size-]>a{color:inherit;font-size:inherit;line-height:inherit}.elementor-widget-heading .elementor-heading-title.elementor-size-small{font-size:15px}.elementor-widget-heading .elementor-heading-title.elementor-size-medium{font-size:19px}.elementor-widget-heading .elementor-heading-title.elementor-size-large{font-size:29px}.elementor-widget-heading .elementor-heading-title.elementor-size-xl{font-size:39px}.elementor-widget-heading .elementor-heading-title.elementor-size-xxl{font-size:59px}<\/style><h2 class=\"elementor-heading-title elementor-size-default\"><strong><span style=\"margin-right: 10%; display: block; background-color: rgba(23, 41, 49, 0.77); color: #009237; padding: 10px; line-height: 1.59; font-family: arial, helvetica, sans-serif; font-weight: bold;\"><span class=\"new-class\">More than 100 projects successfully\n<\/span><\/span><\/strong>\n\n<span style=\"margin-right: 10%; display: block; font-size; 42px; color: #ffffff; background-color: rgba(0, 68, 93, 0.66); font-weight: bold; padding: 10px; line-height: 1.58; font-family: arial, helvetica, sans-serif;\"><span class=\"new-class\">implemented in over 20 years. <\/span><\/span><\/h2>\t\t<\/div>\n\t\t\t\t<\/div>\n\t\t\t\t\t<\/div>\n\t\t<\/div>\n\t\t\t\t\t\t\t<\/div>\n\t\t<\/section>\n\t\t\t\t<section class=\"elementor-section elementor-top-section elementor-element elementor-element-6f2de7f elementor-section-boxed elementor-section-height-default elementor-section-height-default\" data-id=\"6f2de7f\" data-element_type=\"section\">\n\t\t\t\t\t\t<div class=\"elementor-container elementor-column-gap-default\">\n\t\t\t\t\t<div class=\"elementor-column elementor-col-100 elementor-top-column elementor-element elementor-element-920be42\" data-id=\"920be42\" data-element_type=\"column\">\n\t\t\t<div class=\"elementor-widget-wrap elementor-element-populated\">\n\t\t\t\t\t\t\t\t<div class=\"elementor-element elementor-element-ef50f9a elementor-widget__width-initial elementor-widget elementor-widget-text-editor\" data-id=\"ef50f9a\" data-element_type=\"widget\" data-widget_type=\"text-editor.default\">\n\t\t\t\t<div class=\"elementor-widget-container\">\n\t\t\t<style>\/*! elementor - v3.15.0 - 02-08-2023 *\/\n.elementor-widget-text-editor.elementor-drop-cap-view-stacked .elementor-drop-cap{background-color:#69727d;color:#fff}.elementor-widget-text-editor.elementor-drop-cap-view-framed .elementor-drop-cap{color:#69727d;border:3px solid;background-color:transparent}.elementor-widget-text-editor:not(.elementor-drop-cap-view-default) .elementor-drop-cap{margin-top:8px}.elementor-widget-text-editor:not(.elementor-drop-cap-view-default) .elementor-drop-cap-letter{width:1em;height:1em}.elementor-widget-text-editor .elementor-drop-cap{float:left;text-align:center;line-height:1;font-size:50px}.elementor-widget-text-editor .elementor-drop-cap-letter{display:inline-block}<\/style>\t\t\t\t<div class=\"articleBody\"><p><span style=\"font-family: arial, helvetica, sans-serif; font-size: 12pt;\">Please understand that I cannot name all project details, because there are confidentiality agreements with some of my contractual partners.<\/span><\/p><p><span style=\"font-family: arial, helvetica, sans-serif; font-size: 12pt;\"><strong>Blohm+Voss (B+V) AG, Hamburg  (today: Blohm+Voss B.V. &amp; Co. KG, Hamburg)<\/strong><\/span><\/p><ul><li><span style=\"font-family: arial, helvetica, sans-serif; font-size: 12pt;\">Detail steel design related to several mega yachts<\/span><\/li><\/ul><p><span style=\"font-family: arial, helvetica, sans-serif; font-size: 12pt;\"><strong>AVEVA GmbH, Sulzbach<\/strong><\/span><\/p><ul><li><span style=\"font-family: arial, helvetica, sans-serif; font-size: 12pt;\">Freelance work in customer support, various orders for user trainings<\/span><\/li><\/ul><p><span style=\"font-family: arial, helvetica, sans-serif; font-size: 12pt;\"><strong>Abu Dhabi Mar GmbH, Kiel (today: German Naval Yards GmbH, Kiel)<\/strong><\/span><\/p><ul><li><span style=\"font-family: arial, helvetica, sans-serif; font-size: 12pt;\">Detail steel design related to a mega yacht<\/span><\/li><\/ul><p><span style=\"font-family: arial, helvetica, sans-serif; font-size: 12pt;\"><strong>Lloyd\u2019s Register EMEA, Hamburg<\/strong><\/span><\/p><ul><li><span style=\"font-family: arial, helvetica, sans-serif; font-size: 12pt;\">Construction supervision for container ships and offshore supply vessels<\/span><\/li><\/ul><p><span style=\"font-family: arial, helvetica, sans-serif; font-size: 12pt;\"><strong>Peter D\u00f6hle Schiffahrts-KG, Hamburg<\/strong><\/span><\/p><ul><li><span style=\"font-family: arial, helvetica, sans-serif; font-size: 12pt;\">Refit of mooring arrangement for several container vessels to meet new Panama Canal requirements<\/span><\/li><\/ul><p><span style=\"font-family: arial, helvetica, sans-serif; font-size: 12pt;\"><strong>GBS Shipmanagement GmbH&amp;Co KG, Stade<\/strong><\/span><\/p><ul><li><span style=\"font-family: arial, helvetica, sans-serif; font-size: 12pt;\">Conversions\/refits of various multi-purpose vessels<\/span><\/li><li><span style=\"font-family: arial, helvetica, sans-serif; font-size: 12pt;\">Redesign of a grain bulkhead<\/span><\/li><\/ul><p><span style=\"font-family: arial, helvetica, sans-serif; font-size: 12pt;\"><strong>Nobiskrug GmbH, Rendsburg<\/strong><\/span><\/p><ul><li><span style=\"font-family: arial, helvetica, sans-serif; font-size: 12pt;\">Detail steel design related to a super yacht project<\/span><\/li><\/ul><p><span style=\"font-family: arial, helvetica, sans-serif; font-size: 12pt;\"><strong>MV Werften Stralsund GmbH<\/strong><\/span><\/p><ul><li><span style=\"font-family: arial, helvetica, sans-serif; font-size: 12pt;\">Basic steel design for a cruise liner<\/span><\/li><li><span style=\"font-family: arial, helvetica, sans-serif; font-size: 12pt;\">Support of coordination with international providers of steel design services<\/span><\/li><\/ul><p><span style=\"font-family: arial, helvetica, sans-serif; font-size: 12pt;\"><strong>Antaris Seetouristik &amp; Wassersport GmbH, Warnem\u00fcnde<\/strong><\/span><\/p><ul><li><span style=\"font-family: arial, helvetica, sans-serif; font-size: 12pt;\">Concept design for an equal-zero-emission harbour ferry<\/span><\/li><\/ul><p><span style=\"font-family: arial, helvetica, sans-serif; font-size: 12pt;\"><strong>thyssenkrupp Marine Systems GmbH, Hamburg<\/strong><\/span><\/p><ul><li><span style=\"font-family: arial, helvetica, sans-serif; font-size: 12pt;\"><span style=\"font-family: arial, helvetica, sans-serif; font-size: 12pt;\">Various contracts for detailed steel ship design<\/span><\/span><\/li><\/ul><\/div>\t\t\t\t\t\t<\/div>\n\t\t\t\t<\/div>\n\t\t\t\t\t<\/div>\n\t\t<\/div>\n\t\t\t\t\t\t\t<\/div>\n\t\t<\/section>\n\t\t\t\t\t\t\t<\/div>","protected":false},"excerpt":{"rendered":"<p>Mehr als 100 Projekte in \u00fcber 20 Jahren erfolgreich umgesetzt Bitte haben Sie Verst\u00e4ndnis daf\u00fcr, dass ich aus Gr\u00fcnden der mit einigen Auftraggebern vereinbarten Vertraulichkeit [&hellip;]<\/p>","protected":false},"author":1,"featured_media":0,"parent":0,"menu_order":0,"comment_status":"closed","ping_status":"closed","template":"page-templates\/page_front-page.php","meta":{"footnotes":""},"_links":{"self":[{"href":"https:\/\/steffen-franck.de\/en\/wp-json\/wp\/v2\/pages\/13"}],"collection":[{"href":"https:\/\/steffen-franck.de\/en\/wp-json\/wp\/v2\/pages"}],"about":[{"href":"https:\/\/steffen-franck.de\/en\/wp-json\/wp\/v2\/types\/page"}],"author":[{"embeddable":true,"href":"https:\/\/steffen-franck.de\/en\/wp-json\/wp\/v2\/users\/1"}],"replies":[{"embeddable":true,"href":"https:\/\/steffen-franck.de\/en\/wp-json\/wp\/v2\/comments?post=13"}],"version-history":[{"count":61,"href":"https:\/\/steffen-franck.de\/en\/wp-json\/wp\/v2\/pages\/13\/revisions"}],"predecessor-version":[{"id":2769,"href":"https:\/\/steffen-franck.de\/en\/wp-json\/wp\/v2\/pages\/13\/revisions\/2769"}],"wp:attachment":[{"href":"https:\/\/steffen-franck.de\/en\/wp-json\/wp\/v2\/media?parent=13"}],"curies":[{"name":"wp","href":"https:\/\/api.w.org\/{rel}","templated":true}]}}