{"id":11,"date":"2020-10-03T14:51:12","date_gmt":"2020-10-03T12:51:12","guid":{"rendered":"http:\/\/demo.athemes.com\/sp-plumber\/?page_id=11"},"modified":"2023-08-01T09:51:26","modified_gmt":"2023-08-01T07:51:26","slug":"wer-ich-bin","status":"publish","type":"page","link":"https:\/\/steffen-franck.de\/en\/wer-ich-bin\/","title":{"rendered":"Who I am"},"content":{"rendered":"<div data-elementor-type=\"wp-page\" data-elementor-id=\"11\" class=\"elementor elementor-11\">\n\t\t\t\t\t\t\t\t\t<section class=\"elementor-section elementor-top-section elementor-element elementor-element-bf7f744 elementor-section-boxed elementor-section-height-default elementor-section-height-default\" data-id=\"bf7f744\" data-element_type=\"section\" data-settings=\"{&quot;background_background&quot;:&quot;classic&quot;}\">\n\t\t\t\t\t\t\t<div class=\"elementor-background-overlay\"><\/div>\n\t\t\t\t\t\t\t<div class=\"elementor-container elementor-column-gap-default\">\n\t\t\t\t\t<div class=\"elementor-column elementor-col-100 elementor-top-column elementor-element elementor-element-45f337f\" data-id=\"45f337f\" data-element_type=\"column\">\n\t\t\t<div class=\"elementor-widget-wrap elementor-element-populated\">\n\t\t\t\t\t\t\t\t<div class=\"elementor-element elementor-element-e7431a7 elementor-widget elementor-widget-heading\" data-id=\"e7431a7\" data-element_type=\"widget\" data-widget_type=\"heading.default\">\n\t\t\t\t<div class=\"elementor-widget-container\">\n\t\t\t<style>\/*! elementor - v3.15.0 - 02-08-2023 *\/\n.elementor-heading-title{padding:0;margin:0;line-height:1}.elementor-widget-heading .elementor-heading-title[class*=elementor-size-]>a{color:inherit;font-size:inherit;line-height:inherit}.elementor-widget-heading .elementor-heading-title.elementor-size-small{font-size:15px}.elementor-widget-heading .elementor-heading-title.elementor-size-medium{font-size:19px}.elementor-widget-heading .elementor-heading-title.elementor-size-large{font-size:29px}.elementor-widget-heading .elementor-heading-title.elementor-size-xl{font-size:39px}.elementor-widget-heading .elementor-heading-title.elementor-size-xxl{font-size:59px}<\/style><h2 class=\"elementor-heading-title elementor-size-default\"><strong> <span style=\"margin-right: 10%; display: block; background-color: rgba(23, 41, 49, 0.77); color: #009237; padding: 10px; line-height: 1.58; font-family: arial, helvetica, sans-serif; font-weight: bold;\"><span class=\"new-class\">30+ years of experience<br><\/span><\/span><\/strong>\n<span style=\"margin-right: 10%; display: block; font-size; 42px; color: #ffffff; background-color: rgba(0, 68, 93, 0.66); font-weight: bold; padding: 10px; line-height: 1.58; font-family: arial, helvetica, sans-serif;\"><span class=\"new-class\">- the real added value for your project.<\/span><\/span><\/h2>\t\t<\/div>\n\t\t\t\t<\/div>\n\t\t\t\t\t<\/div>\n\t\t<\/div>\n\t\t\t\t\t\t\t<\/div>\n\t\t<\/section>\n\t\t\t\t<section class=\"elementor-section elementor-top-section elementor-element elementor-element-b9a82cb elementor-section-boxed elementor-section-height-default elementor-section-height-default\" data-id=\"b9a82cb\" data-element_type=\"section\">\n\t\t\t\t\t\t<div class=\"elementor-container elementor-column-gap-default\">\n\t\t\t\t\t<div class=\"elementor-column elementor-col-100 elementor-top-column elementor-element elementor-element-fc61a46\" data-id=\"fc61a46\" data-element_type=\"column\">\n\t\t\t<div class=\"elementor-widget-wrap elementor-element-populated\">\n\t\t\t\t\t\t\t\t<div class=\"elementor-element elementor-element-3413302 elementor-widget elementor-widget-text-editor\" data-id=\"3413302\" data-element_type=\"widget\" data-widget_type=\"text-editor.default\">\n\t\t\t\t<div class=\"elementor-widget-container\">\n\t\t\t<style>\/*! elementor - v3.15.0 - 02-08-2023 *\/\n.elementor-widget-text-editor.elementor-drop-cap-view-stacked .elementor-drop-cap{background-color:#69727d;color:#fff}.elementor-widget-text-editor.elementor-drop-cap-view-framed .elementor-drop-cap{color:#69727d;border:3px solid;background-color:transparent}.elementor-widget-text-editor:not(.elementor-drop-cap-view-default) .elementor-drop-cap{margin-top:8px}.elementor-widget-text-editor:not(.elementor-drop-cap-view-default) .elementor-drop-cap-letter{width:1em;height:1em}.elementor-widget-text-editor .elementor-drop-cap{float:left;text-align:center;line-height:1;font-size:50px}.elementor-widget-text-editor .elementor-drop-cap-letter{display:inline-block}<\/style>\t\t\t\t<div>\n\n<p><span style=\"font-family: arial, helvetica, sans-serif; font-size: 12pt;\">Born in 1965, I graduated from Rostock University in 1992 as a certified Mechanical Engineer and Naval Architect. After 8 years working as a Naval Architect for German shipyards and design offices, I started my own freelance business in 2000.<\/span><\/p>\n\n<p><span style=\"font-family: arial, helvetica, sans-serif; font-size: 12pt;\">In the past years I have worked on more than 100 project planning, engineering and consulting contracts. My client base includes shipyards, design offices, classification societies, several ship owners and a software house.<\/span><\/p>\n\n<p><span style=\"font-family: arial, helvetica, sans-serif; font-size: 12pt;\"> The services I have offered range from coasters to a harbour ferry, from a platform of a ship\u2019s lift to offshore service and container vessels and several super and mega yachts. My projects also include construction supervision, CAD consultancy and CAD user support.\n<\/span>\n\n<p><span style=\"font-family: arial, helvetica, sans-serif; font-size: 12pt;\"> <strong>Milestones:<\/strong><\/span><\/p>\n<ul>\n \t<li><span style=\"font-family: arial, helvetica, sans-serif; font-size: 12pt;\"><strong>first detail design contract for former Kv\u1d02rner Warnowwerft GmbH, Warnem\u00fcnde, awarded July 2000<\/strong><\/span><\/li>\n \t<li><span style=\"font-family: arial, helvetica, sans-serif; font-size: 12pt;\"><strong>first CAD consulting contract for former Volkswerft Stralsund GmbH awarded January 2001<\/strong><\/span><\/li>\n \t<li><span style=\"font-family: arial, helvetica, sans-serif; font-size: 12pt;\"><strong>first detail design order for large blocks of a mega yacht for former Blohm + Voss GmbH, Hamburg, awarded March 2005<\/strong><\/span><\/li>\n \t<li><span style=\"font-family: arial, helvetica, sans-serif; font-size: 12pt;\"><strong>first mission to carry out construction supervision for Lloyd's Register EMEA, Hamburg, awarded in January 2006<\/strong><\/span><\/li>\n \t<li><span style=\"font-family: arial, helvetica, sans-serif; font-size: 12pt;\"><strong>first design order to be carried out totally externally for the KBN Konstruktionb\u00fcro GmbH, Bremen, in September 2006 <\/strong><\/span><span style=\"font-family: arial, helvetica, sans-serif; font-size: 12pt;\"><strong>Konstruktionsb\u00fcro GmbH, Bremen, im September 2006<\/strong><\/span><\/li>\n \t<li><span style=\"font-family: arial, helvetica, sans-serif; font-size: 12pt;\"><strong>first project coordination order for the steel hull design subproject of two <\/strong><\/span><span style=\"font-size: 12pt; font-family: arial, helvetica, sans-serif;\"><strong>RoRo ships of the former P+S shipyards Stralsund for Groot Ship Design Sp.Z.o.o., Szczecin, <\/strong><\/span><span style=\"font-size: 12pt; font-family: arial, helvetica, sans-serif;\"><strong>awarded April 2011<\/strong><\/span><\/li>\n \t<li><span style=\"font-size: 12pt; font-family: arial, helvetica, sans-serif;\"><strong>first conversion order for a multi-purpose vessel owned by GBS Shipmanagement GmbH&amp;Co. KG,<\/strong><\/span><span style=\"font-size: 12pt; font-family: arial, helvetica, sans-serif;\"><strong> Stade, in May 2016.<\/strong><\/span><\/li>\n \t<li><span style=\"font-size: 12pt; font-family: arial, helvetica, sans-serif;\"><strong>first contract awarded by governmental authorities in march 2017<\/strong><\/span><\/li>\n<\/ul>\n<p><span style=\"font-size: 12pt; font-family: arial, helvetica, sans-serif;\">As a customer you can rely on getting the full benefit from experience and knowledge gained herein.<\/span><\/p>\n\n<p><span style=\"font-size: 12pt; font-family: arial, helvetica, sans-serif;\"><strong>If you are looking for a competent and reliable partner can help make your project smooth sailing, you are on the right track!<\/strong><\/span><\/p>\n\n<\/div>\t\t\t\t\t\t<\/div>\n\t\t\t\t<\/div>\n\t\t\t\t\t<\/div>\n\t\t<\/div>\n\t\t\t\t\t\t\t<\/div>\n\t\t<\/section>\n\t\t\t\t\t\t\t<\/div>","protected":false},"excerpt":{"rendered":"<p>Mehr als 30 Jahre Berufserfahrung \u2013 viel Mehrwert f\u00fcr Ihr Projekt Geboren 1965 f\u00fchre ich seit 1992 den Titel Diplom-Ingenieur f\u00fcr Maschinenbau und Schiffstechnik. Nach [&hellip;]<\/p>","protected":false},"author":1,"featured_media":0,"parent":0,"menu_order":0,"comment_status":"closed","ping_status":"closed","template":"page-templates\/page_front-page.php","meta":{"footnotes":""},"_links":{"self":[{"href":"https:\/\/steffen-franck.de\/en\/wp-json\/wp\/v2\/pages\/11"}],"collection":[{"href":"https:\/\/steffen-franck.de\/en\/wp-json\/wp\/v2\/pages"}],"about":[{"href":"https:\/\/steffen-franck.de\/en\/wp-json\/wp\/v2\/types\/page"}],"author":[{"embeddable":true,"href":"https:\/\/steffen-franck.de\/en\/wp-json\/wp\/v2\/users\/1"}],"replies":[{"embeddable":true,"href":"https:\/\/steffen-franck.de\/en\/wp-json\/wp\/v2\/comments?post=11"}],"version-history":[{"count":76,"href":"https:\/\/steffen-franck.de\/en\/wp-json\/wp\/v2\/pages\/11\/revisions"}],"predecessor-version":[{"id":2763,"href":"https:\/\/steffen-franck.de\/en\/wp-json\/wp\/v2\/pages\/11\/revisions\/2763"}],"wp:attachment":[{"href":"https:\/\/steffen-franck.de\/en\/wp-json\/wp\/v2\/media?parent=11"}],"curies":[{"name":"wp","href":"https:\/\/api.w.org\/{rel}","templated":true}]}}